{"id":79,"date":"2023-11-24T10:16:22","date_gmt":"2023-11-24T10:16:22","guid":{"rendered":"https:\/\/impfzentrum-kreuzberg.de\/?page_id=79"},"modified":"2025-01-30T21:43:39","modified_gmt":"2025-01-30T21:43:39","slug":"impressum","status":"publish","type":"page","link":"https:\/\/impfzentrum-kreuzberg.de\/de\/impressum","title":{"rendered":"IMPRESSUM"},"content":{"rendered":"\t\t<div data-elementor-type=\"wp-page\" data-elementor-id=\"79\" class=\"elementor elementor-79\">\n\t\t\t\t<div class=\"elementor-element elementor-element-f62a224 e-flex e-con-boxed e-con e-parent\" data-id=\"f62a224\" data-element_type=\"container\" data-e-type=\"container\">\n\t\t\t\t\t<div class=\"e-con-inner\">\n\t\t\t\t<div class=\"elementor-element elementor-element-369673f elementor-widget elementor-widget-heading\" data-id=\"369673f\" data-element_type=\"widget\" data-e-type=\"widget\" data-widget_type=\"heading.default\">\n\t\t\t\t<div class=\"elementor-widget-container\">\n\t\t\t\t\t<h2 class=\"elementor-heading-title elementor-size-default\">IMPRESSUM<\/h2>\t\t\t\t<\/div>\n\t\t\t\t<\/div>\n\t\t\t\t<div class=\"elementor-element elementor-element-fc784a5 elementor-widget elementor-widget-text-editor\" data-id=\"fc784a5\" data-element_type=\"widget\" data-e-type=\"widget\" data-widget_type=\"text-editor.default\">\n\t\t\t\t<div class=\"elementor-widget-container\">\n\t\t\t\t\t\t\t\t\t<p><strong>Anbieter<\/strong><br \/>MVZ Kreuzberg GmbH<\/p><p><strong>Anschrift<\/strong><br \/>Skalitzer Strasse 33<br \/>10999 Berlin-Germany<br \/>www.mvz-kreuzberg.de<\/p><p><strong>Kommunikation<\/strong><br \/>Tel.: +49 30 \u2013 612 37 94<br \/>Fax: +49 30 \u2013 618 80 66<br \/>E-Mail: mail@mvz-kreuzberg.de<\/p><p><strong>\u00c4rztliche Leitung<\/strong><br \/>Karin Kracht-Ghattas<\/p><p><strong>Gesetzliche Berufsbezeichnung der Dienstleistungserbringer:<\/strong><br \/>+Dr. med. Fathi Ghattas, T\u00e4tigkeitsschwerpunkt: Allgemeinmedizin<br \/>Karin Kracht-Ghattas, Leitende \u00c4rztin, T\u00e4tigkeitsschwerpunkt: Allgemeinmedizin<br \/>Jutta Engel, Fach\u00e4rztin f\u00fcr Allgemeinmedizin<\/p><p><a href=\"https:\/\/www.berlin.de\/gerichte\/amtsgericht-charlottenburg\/das-gericht\/zustaendigkeiten\/registergericht\/online-registerauskunft\/onlineregisterauskunft-355653.php\" target=\"_blank\" rel=\"noopener\"><strong>Sitz der Gesellschaft<\/strong><\/a><br \/>Amtsgericht Charlottenburg<br \/>Handelsregister: HRB 209385 B<br \/>Gesch\u00e4ftsf\u00fchrer: Philipp Ghattas<\/p><p><a href=\"https:\/\/www.berlin.de\/sen\/finanzen\/steuern\/finanzaemter\/finanzamt-fuer-koerperschaften-ii\/\" target=\"_blank\" rel=\"noopener\"><strong>Finanzamt<\/strong><\/a><br \/>Finanzamt f\u00fcr K\u00f6rperschaften II<br \/>Steuernummer: 37\/450\/51272<\/p><p><a href=\"https:\/\/www.berlin.de\/lageso\/\" target=\"_blank\" rel=\"noopener\"><strong>Zust\u00e4ndige Aufsichtsbeh\u00f6rde<\/strong><\/a><br \/>Landesamt f\u00fcr Gesundheit und Soziales (LAGeSo)<br \/>Turmstr. 21, 10559 Berlin<\/p><p><a href=\"https:\/\/www.aekb.de\/\" target=\"_blank\" rel=\"noopener\"><strong>Zust\u00e4ndige \u00c4rztekammer<\/strong><\/a><br \/>\u00c4rztekammer Berlin<br \/>Landes\u00e4rztekammer Berlin<br \/>Friedrichstr. 16, 10969 Berlin<\/p><p><a href=\"https:\/\/www.kvberlin.de\/\" target=\"_blank\" rel=\"noopener\"><strong>Zust\u00e4ndige kassen\u00e4rztliche Vereinigung (KV)<\/strong><\/a><br \/>Kassen\u00e4rztliche Vereinigung Berlin<br \/>Masurenallee 6a, 14057 Berlin<\/p><p><a href=\"https:\/\/www.hdi.de\/\" target=\"_blank\" rel=\"noopener\"><strong>Berufshaftpflichtversicherung<\/strong><\/a><br \/>Geltungsbereich: \u00c4rztehaftpflichtversicherung<br \/>Versicherer: HDI Versicherung Aktiengesellschaft<\/p>\t\t\t\t\t\t\t\t<\/div>\n\t\t\t\t<\/div>\n\t\t\t\t\t<\/div>\n\t\t\t\t<\/div>\n\t\t\t\t<\/div>\n\t\t","protected":false},"excerpt":{"rendered":"<p>IMPRESSUM AnbieterMVZ Kreuzberg GmbH AnschriftSkalitzer Strasse 3310999 Berlin-Germanywww.mvz-kreuzberg.de KommunikationTel.: +49 30 \u2013 612 37 94Fax: +49 30 \u2013 618 80 66E-Mail: mail@mvz-kreuzberg.de \u00c4rztliche LeitungKarin Kracht-Ghattas Gesetzliche Berufsbezeichnung der Dienstleistungserbringer:+Dr. med. Fathi Ghattas, T\u00e4tigkeitsschwerpunkt: AllgemeinmedizinKarin Kracht-Ghattas, Leitende \u00c4rztin, T\u00e4tigkeitsschwerpunkt: AllgemeinmedizinJutta Engel, Fach\u00e4rztin f\u00fcr Allgemeinmedizin Sitz der GesellschaftAmtsgericht CharlottenburgHandelsregister: HRB 209385 BGesch\u00e4ftsf\u00fchrer: Philipp Ghattas FinanzamtFinanzamt f\u00fcr K\u00f6rperschaften [&hellip;]<\/p>\n","protected":false},"author":1,"featured_media":0,"parent":0,"menu_order":9,"comment_status":"closed","ping_status":"closed","template":"","meta":{"footnotes":""},"class_list":["post-79","page","type-page","status-publish","hentry"],"_links":{"self":[{"href":"https:\/\/impfzentrum-kreuzberg.de\/de\/wp-json\/wp\/v2\/pages\/79","targetHints":{"allow":["GET"]}}],"collection":[{"href":"https:\/\/impfzentrum-kreuzberg.de\/de\/wp-json\/wp\/v2\/pages"}],"about":[{"href":"https:\/\/impfzentrum-kreuzberg.de\/de\/wp-json\/wp\/v2\/types\/page"}],"author":[{"embeddable":true,"href":"https:\/\/impfzentrum-kreuzberg.de\/de\/wp-json\/wp\/v2\/users\/1"}],"replies":[{"embeddable":true,"href":"https:\/\/impfzentrum-kreuzberg.de\/de\/wp-json\/wp\/v2\/comments?post=79"}],"version-history":[{"count":16,"href":"https:\/\/impfzentrum-kreuzberg.de\/de\/wp-json\/wp\/v2\/pages\/79\/revisions"}],"predecessor-version":[{"id":1073,"href":"https:\/\/impfzentrum-kreuzberg.de\/de\/wp-json\/wp\/v2\/pages\/79\/revisions\/1073"}],"wp:attachment":[{"href":"https:\/\/impfzentrum-kreuzberg.de\/de\/wp-json\/wp\/v2\/media?parent=79"}],"curies":[{"name":"wp","href":"https:\/\/api.w.org\/{rel}","templated":true}]}}